{"id":20,"date":"2011-08-22T17:32:10","date_gmt":"2011-08-22T15:32:10","guid":{"rendered":"http:\/\/knowledgeentrepreneur.com\/maxsenges.com\/wordpress\/?page_id=20"},"modified":"2022-08-02T07:00:43","modified_gmt":"2022-08-02T05:00:43","slug":"publications","status":"publish","type":"page","link":"http:\/\/maxsenges.com\/?page_id=20","title":{"rendered":"Publications"},"content":{"rendered":"<a name=\"education-pedagogy-amp-knowledge\"><\/a><h2>Education, Pedagogy &amp; Knowledge<\/h2>\n<dl>\n<dt>\n<dl class=\"entities\">\n<dt>2022 (forthcoming, currently working draft) <a href=\"https:\/\/docs.google.com\/document\/d\/1K4JfEA1klKRcKHtLdx7ttBRltGAAflVk\/edit?usp=sharing&amp;ouid=109009377655112507132&amp;rtpof=true&amp;sd=true\">The answer: 42 is coming to Germany<\/a>, with Thomas Bornheim in <a href=\"https:\/\/nextskills.org\/globalfutureskills\/\">Global Future Skills, Springer<\/a><\/dt>\n<dt><time datetime=\"2008-11\">2020 <a href=\"https:\/\/42wolfsburg.medium.com\/learning-to-be-free-1ddd3d007f86\">Learning to be Free &#8211; Considerations on the 42 Philosophy<\/a><\/time><\/dt>\n<\/dl>\n<\/dt>\n<dt>2011 \u00bfCultura juvenil o cultura estudiantil? La intensidad de uso de Internet entre los estudiantes universitarios y sus consecuencias para el rendimiento acad\u00e9mico \/\/ Youth-culture or student-culture? The internetuse intensity divide among university studentsand the consequences for academic performance &#8211; ESTUDIOS SOBRE EDUCACI\u00d3N \/ VOL. 20 &#8211; <a href=\"https:\/\/www.researchgate.net\/publication\/228280167_Youth-Culture_or_Student-Culture_The_Internet_Use_Intensity_Divide_Among_University_Students_and_the_Consequences_for_Academic_Performance\">Available in spanish and english here<\/a>.<\/dt>\n<dt><time datetime=\"2008-12\">2008 &#8211;\u00a0<\/time>Entrepreneurial learning in the networked age: How new learning environments foster entrepreneurship and innovation.<\/dt>\n<dd><a href=\"https:\/\/raco.cat\/index.php\/Paradigmes\/article\/view\/225695\/307064\">Article together with John Seely Brown and Howard Rheingold published in Paradigms 1<em>.<\/em><\/a><\/dd>\n<dt>\n<dl class=\"entities\">\n<dt><time datetime=\"2008-11\">2008 &#8211;\u00a0<\/time><a href=\"http:\/\/www.igi-global.com\/chapter\/virtual-worlds-environment-learning-communities\/25454\">Virtual Worlds as Environment for Learning Communities<\/a><\/dt>\n<dd>Chapter in M. D. Lytras, R. Tennyson &amp; P. O. d. Pablos (Eds.), Knowledge Networks: The Social Software Perspective, together with Marc Alier. IGI Global.<\/dd>\n<\/dl>\n<\/dt>\n<dt>2007 &#8211; <a href=\"https:\/\/drive.google.com\/file\/d\/1cKT4rUTUYTVt0ir2J81AJZ-udNGe018P\/view?usp=sharing\">Entrepreneurship as life philosophy or world view (Weltanschauung): A mindset for the knowledge society?<\/a> presented at\u00a0the <a href=\"https:\/\/www.monterreyforum2007.org\/\">Monterrey Cultural Forum<\/a><\/dt>\n<dt><time datetime=\"2007-12\">2007 &#8211;\u00a0<\/time>Knowledge Entrepreneurship in Universities: Strategy and Practice in the case of Internet based Innovation appropriation. <abbr title=\"philosophiae doctor\">PhD <\/abbr>Thesis available as<\/dt>\n<dd>\n<ul>\n<li><a href=\"https:\/\/docs.google.com\/open?id=0B-ybA8_Lt-gwZDFwSjFqRG5SbU0\">One PDF<\/a><\/li>\n<li><a href=\"http:\/\/www.youtube.com\/watch?v=FB3nXTNRgPM&amp;feature=user\">Video of Defense presentation (40 min.)<\/a><\/li>\n<\/ul>\n<\/dd>\n<dt>2006 <a href=\"https:\/\/www.oecd.org\/site\/imhe2006bis\/37463852.pdf\">Entrepreneurial Universities in the Network Society: A Code of Conduct for Use of the Internet<\/a>,<\/dt>\n<dd>Annual Conference of the <abbr title=\"Organisation for Economic Co-operation and Development,\">OECD<\/abbr>\u2019s Institutional Management in Higher Education Programme &#8211; <a href=\"https:\/\/www.oecd.org\/site\/imhe2006bis\/37467603.pdf\">also slides here<\/a>.<\/dd>\n<dd><\/dd>\n<dt><time datetime=\"2005\">2005\u00a0<\/time>Review of: Challenging Knowledge. The University in the Knowledge Society, by Gerard Delanty.<br \/>\nIn: Revista de Universidad y Sociedad del Conocimiento. Available in <a href=\"https:\/\/rusc.uoc.edu\/rusc\/en\/index.php\/rusc\/article\/download\/v2n2-senges\/256-1176-1-PB.pdf\">Spanish<\/a><\/dt>\n<\/dl>\n<dl>\n<dt><time datetime=\"2004\">2004 &#8211;\u00a0<\/time><a href=\"https:\/\/drive.google.com\/file\/d\/1OH-kbQae6paEjr4-qt0cZ6p3oLJ5t9TD\/view?usp=sharing\">The use of Information and Communication Technology for Knowledge Networking.<\/a><\/dt>\n<dd>German Master-Thesis (Diplomarbeit) also published as article in the Scientific Journal of the University of Applied Sciences Wildau\u00a0<em>(<abbr title=\"International Standard Serial Number\">ISSN<\/abbr>\u00a00949-8214 Heft 2004)<\/em>.<\/dd>\n<dt><\/dt>\n<\/dl>\n<a name=\"artificial-intelligence\"><\/a><h2>Artificial Intelligence<\/h2>\n<ul>\n<li>2019 &#8211; Holfelder, Wieland and Senges, Max, \u201c<a href=\"https:\/\/link.springer.com\/referenceworkentry\/10.1007\/978-3-658-23715-8_41-1?noAccess=true\">Mensch, K\u00fcnstliche Intelligenz und Kollaborativer Roboter (CoBots) \u2013 sind drei einer zu viel? Ein Blick in die Arbeitswelt von morgen<\/a>&#8221; aka Die Zukunft der Arbeit im Kontext K\u00fcnstliche Intelligenz [The future of work in the context of Artificial Intelligence], in \u201cPhilosophisches Handbuch K\u00fcnstliche Intelligenz\u201d edited by Mainzer, Klaus; Springer.<\/li>\n<li>2018 &#8211;\u00a0David Arney, Max Senges, Sara Gerke et al.\u00a0<a href=\"https:\/\/docs.google.com\/document\/d\/1u2H9mVn9adJgKiFYqyHtkvX3ClegWX_9SmSLA3fBraI\/edit\" target=\"_blank\" rel=\"noopener\">A User-Focused Transdisciplinary Research Agenda for AI-Enabled Health Tech Governance<\/a>, Harvard Berkman Center and\u00a0Petrie-Flom Center Working Paper<\/li>\n<\/ul>\n<a name=\"internet-amp-society\"><\/a><h2>Internet &amp; Society<\/h2>\n<ul>\n<li>2019 &#8211; Kleinwa\u0308chter, W.; Kettemann, M.; Senges, M. (Editors) &#8220;Towards a Global Framework for Cyber Peace and Digital Cooperation: An Agenda for the 2020s&#8221; Hamburg: Verlag Hans-Bredow-Institut. <a href=\"https:\/\/www.hans-bredow-institut.de\/uploads\/media\/default\/cms\/media\/05sk62i_Kleinwa%CC%88chter,%20Kettemann,%20Senges%20(eds.),%20Global%20Framework%20for%20Cyber%20Peace%20(2019).pdf\">Available here<\/a><\/li>\n<li>2019 &#8211;\u00a0Hal Varian, Maurits Dolmans, Gavin Baird, Max Senges, Digitale Herausforderungen f\u00fcr die Wettbewerbspolitik [Digital Challenges in Competition Policy] in: Soziale Marktwirtschaft im digitalen Zeitalter Herder, Freiburg, <a href=\"https:\/\/books.google.gr\/books?id=617TDwAAQBAJ&amp;lpg=PA75&amp;ots=7H52niRcsq&amp;dq=%22Digitale%20Herausforderungen%20f%C3%BCr%20die%20Wettbewerbspolitik%22%20Hal%20Varian%2C%20Maurits%20Dolmans%2C%20Gavin%20Baird%2C%20Max%20Senges%2C&amp;hl=de&amp;pg=PA75#v=onepage&amp;q=%22Digitale%20Herausforderungen%20f%C3%BCr%20die%20Wettbewerbspolitik%22%20Hal%20Varian,%20Maurits%20Dolmans,%20Gavin%20Baird,%20Max%20Senges,&amp;f=false\">Available here <\/a><\/li>\n<li>2019 &#8211;\u00a0Abbas, Ali and Senges, Max and Howard, Ronald A., A Hippocratic Oath for Technologists, \u201cNext Generation Ethics: Engineering a Better Society\u201d ; Stanford University Graduate School of Business Research Paper No. 19-4. <a href=\"https:\/\/ssrn.com\/abstract=3274327\" target=\"_blank\" rel=\"noopener\">Available at SSRN <\/a><\/li>\n<li>2019 &#8211;\u00a0Gunter Dueck, Max Senges, Martin Sch\u00f6ssler, Echte Informationelle Selbstbestimmung beginnt mit einer souver\u00e4nen digitalen Identit\u00e4t &#8211; Analyse und Vorschlag f\u00fcr eine dezentrale Identit\u00e4ts Architektur [Real Informational Selfdetermination begins with a sovereign digital Identity &#8211; Analysis and Proposal for a decentral Identity Architecture] in: Omnisophie, <a href=\"https:\/\/www.omnisophie.com\/diskutieren-wir-ueber-unsere-digitale-identitaet-echte-informationelle-selbstbestimmung-beginnt-mit-einer-souveraenen-digitalen-identitaet\/\" target=\"_blank\" rel=\"noopener\">Available here <\/a><\/li>\n<li>2018 &#8211; Matthias Kettemann, Wolfgang Kleinw\u00e4chter, Max Senges,\u00a0<a href=\"http:\/\/publikationen.ub.uni-frankfurt.de\/frontdoor\/index\/index\/docId\/48008\" target=\"_blank\" rel=\"noopener\">The time is right for Europe to take the lead in global internet governance<\/a>,\u00a0Normative orders working paper : Normative Orders, Cluster of Excellence at Goethe University Frankfurt, Main ; 2018,2<\/li>\n<li>2017 &#8211; James S. Fishkin, Max Senges, Eileen Donahoe, Larry Diamond and Alice Siu;\u00a0<a href=\"https:\/\/cdd.stanford.edu\/mm\/2017\/06\/fishkin-ics-multistakeholder-ig.pdf\" target=\"_blank\" rel=\"noopener\">Deliberative polling for multistakeholder internet governance: considered judgments on access for the next billion<\/a> in &#8220;Information, Communication &amp; Society&#8221;<\/li>\n<li>2017 &#8211;\u00a0Senges, Max and Ryan, Patrick S. and Whitt, Richard S., Composite Ethical Frameworks for IOT and Other Emerging Technologies. <a href=\"https:\/\/papers.ssrn.com\/sol3\/papers.cfm?abstract_id=3092362\" target=\"_blank\" rel=\"noopener\">Available at SSRN<\/a><\/li>\n<li>2016 &#8211;\u00a0Cerf, Vint and Ryan, Patrick and Senges, Max and Whitt, Richard S.;<a href=\"https:\/\/papers.ssrn.com\/sol3\/papers.cfm?abstract_id=2735642\">IoT Safety and Security as Shared Responsibility<\/a><span style=\"font-weight: 300;\">\u00a0in Journal of Business Informatics, Number 1, Issue 35 (2016), pp 7-19.\u00a0<\/span><a style=\"font-weight: 300;\" href=\"https:\/\/papers.ssrn.com\/sol3\/papers.cfm?abstract_id=2735642\">Available at SSRN <\/a><\/li>\n<li>2016 &#8211;\u00a0Cerf, Vint and Senges, Max;<a href=\"http:\/\/ieeexplore.ieee.org\/stamp\/stamp.jsp?tp=&amp;arnumber=7404198&amp;isnumber=7404181\">Taking the Internet to the Next Physical Level<\/a><span style=\"font-weight: 300;\"><span style=\"font-weight: 300;\">, in IEEE Computer, vol. 49, no. 2, pp. 80-86<\/span><\/span><\/li>\n<li>2014 &#8211;\u00a0Cerf, Vint and Ryan, Patrick and Senges, Max and Whitt, Richard S.; A Perspective from the Private Sector:\u00a0<a style=\"font-weight: 300;\" href=\"http:\/\/ssrn.com\/abstract=2489348\">Ensuring that Forum Follows Function<\/a><span style=\"font-weight: 300;\">.\u00a0in Beyond Netmundial: The Roadmap for Institutional Improvements to the Global Internet Governance Ecosystem (William J. Drake and Monroe Price, Eds). 2014; Center for Global Communication Studies, Annenberg School for Communication at the University of Pennsylvania.\u00a0<\/span><a style=\"font-weight: 300;\" href=\"http:\/\/ssrn.com\/abstract=2489348\">Available at SSRN<br \/>\n<\/a><\/li>\n<li>2013 &#8211;\u00a0Cerf, Vint and Ryan, Patrick and Senges, Max,\u00a0<a style=\"font-weight: 300;\" href=\"http:\/\/ssrn.com\/abstract=2309772\">Internet Governance Is Our Shared Responsibility<\/a><span style=\"font-weight: 300;\">\u00a0in I\/S: A Journal of Law and Policy for the Information Society, 10 ISJLP 1 (2014)\u00a0<\/span><a style=\"font-weight: 300;\" href=\"http:\/\/ssrn.com\/abstract=2309772\">Available at SSRN<br \/>\n<\/a><\/li>\n<li>2009 &#8211; <a href=\"https:\/\/drive.google.com\/file\/d\/1ryj-C4Y0yWdYOKqFUyZVZdRJqE7Dp-zM\/view?usp=sharing\">Values, principles and rights in internet governance<\/a> &#8211; Paper for the www.freedomofexpression.org.uk Project, with Lisa Horner<\/li>\n<li><time style=\"font-weight: 300;\" datetime=\"2008-12\">2008 &#8211;\u00a0<\/time><span style=\"font-weight: 300;\">The Humanization of Internet Governance:A Roadmap Towards a Comprehensive Global (Human) Rights Architecture for the Internet.<\/span><a style=\"font-weight: 300;\" href=\"http:\/\/cdm15430.contentdm.oclc.org\/cdm\/ref\/collection\/p15430coll1\/id\/27\">Paper presented together with Wolfgang Benedek and Matthias Ketteman at 3rd GigaNet Symposium.<br \/>\n<\/a><\/li>\n<li><time style=\"font-weight: 300;\" datetime=\"2008-12\">2008 &#8211;\u00a0<\/time><span style=\"font-weight: 300;\">Toward a Humanistic Conception of Cyberspace.A Twofold Challenge for Netizens Mobilizing for a Democratic Internet Governance.<\/span><a style=\"font-weight: 300;\" href=\"http:\/\/lawlibraryarchive.contentdm.oclc.org\/cdm\/singleitem\/collection\/p15430coll1\/id\/40\/rec\/3\">Paper presented together with Elena Pavan and Konstantin Komaitis at 3rd GigaNet Symposium.<br \/>\n<\/a><\/li>\n<li>2008 <a href=\"https:\/\/www.researchgate.net\/publication\/39121429_Do_we_need_new_rights_in_Cyberspace_Discussing_the_case_of_how_to_define_on-line_privacy_in_an_Internet_Bill_of_Rights\">Do we need new rights in Cyberspace?. Discussing the case of how to define on-line privacy in an Internet Bill of Rights<\/a>, with David Casacuberta in Enrahonar 40\/41<em><br \/>\n<\/em><\/li>\n<li>2006 <a href=\"https:\/\/drive.google.com\/file\/d\/1OeAs4eXMX_JiftJNnV2L1Sw1D8DjqoID\/view?usp=sharing\">Statement on Internet Governance Forum organisation<\/a> by CDUN &amp; DiploNet\/ISOC Catalunya, with Andr\u00e9s Oliva<\/li>\n<\/ul>\n<a name=\"ethics-in-cyberspace\"><\/a><h2>Ethics in Cyberspace<\/h2>\n<p><a class=\"toplink\" href=\"#content\">Back to top<\/a><\/p>\n<dl class=\"entities\">\n<dt><\/dt>\n<dt>\n<ul>\n<li><time datetime=\"2005\">2005 &#8211;\u00a0<\/time><a href=\"https:\/\/docs.google.com\/document\/d\/15DS_yngkFnIdWq16LdOoQ9svrhEaenJfG80PPYuVHoU\/edit?usp=sharing\">The concept of Sustainability Teleological Considerations &amp; Marketability<\/a> &#8211; final Paper of the United Nations University International PhD Summerschool Japan 2005.<\/li>\n<li>2005 &#8211; Presentation on <a href=\"https:\/\/docs.google.com\/presentation\/d\/1j2ns9CKQ1wZLGzSz20RrWdDVnMdMN6fb6UoacFLRcG4\/edit?usp=sharing\">Cosmopolitan Citizenship in the 21st century: Re-Unite Babylon Or The 2nd tower of Babel<\/a>. presented at The Civil Society Caucus on Ethics and Values at the second phase of the World Summit on the Information Society<\/li>\n<\/ul>\n<\/dt>\n<\/dl>\n<a name=\"virtual-worlds\"><\/a><h2>Virtual Worlds<\/h2>\n<p><a class=\"toplink\" href=\"#content\">Back to top<\/a><\/p>\n<dl class=\"entities\">\n<dt><time datetime=\"2007-09\">2007 &#8211;\u00a0<\/time><a href=\"http:\/\/www.nuevoparhadigma.com.ar\/tecsecl.htm\">SecondLife &#8211; Introductory book<\/a> (Spanish and Catalan) on virtual worlds and SecondLife in particular, with P. Bihr and T. Praus. Editorial UOC, <em><abbr title=\"International Standard Book Number\">ISBN<\/abbr>: 978-84-9788-609-3.<\/em><\/dt>\n<\/dl>\n<a name=\"personal-writings\"><\/a><h2>Personal Writings<\/h2>\n<p><a class=\"toplink\" href=\"#content\">Back to top<\/a><\/p>\n<ul>\n<li style=\"list-style-type: none;\">\n<ul>\n<li>2007, <a href=\"https:\/\/docs.google.com\/document\/d\/13nGEKwwI4cUJA9Rlj1XTWDd45Dd_8jfu0beOJXFZB1c\/edit?usp=sharing\">Democracy, Nietzsche, and Education<\/a><\/li>\n<li>2007, <a href=\"https:\/\/docs.google.com\/document\/d\/1FaVZRgAOY66aJLnGPCgszyolTl2-fJJbMSE7zaQ9Xs0\/edit?usp=sharing\">What course of life is best? <em>Warning: This text potentially corrupts the youth!<\/em><\/a><\/li>\n<li>2007, <a href=\"https:\/\/docs.google.com\/document\/d\/1zAgXajYGE0-EsSf_o0Qnezy_zEbERc98cX1j1VheygA\/edit?usp=sharing\">Nepotism Revisited<\/a><\/li>\n<li>2007, <a href=\"https:\/\/docs.google.com\/document\/d\/1PxwCbROLgy9HqsVXH7AVEHEvHtx4CrA2T9Dv2OFp2So\/edit?usp=sharing\">Draft considerations on the Axiological dimension of cyberspace<\/a><\/li>\n<li>2006, <a href=\"https:\/\/docs.google.com\/document\/d\/1a1LdE3_USKAezrlBxn_vwMrbrJKK261ccdEZdTZhmPI\/edit?usp=sharing\">Considerations about Hacker Ethics &amp; Paradox Ethics<\/a><\/li>\n<\/ul>\n<\/li>\n<\/ul>\n<div class=\"imagecredits\">header picture: Sisyphus <em>Titian<\/em><\/div>\n","protected":false},"excerpt":{"rendered":"<p>Education, Pedagogy &amp; Knowledge 2022 (forthcoming, currently working draft) The answer: 42 is coming to Germany, with Thomas Bornheim in Global Future Skills, Springer 2020 Learning to be Free &#8211; Considerations on the 42 Philosophy 2011 \u00bfCultura juvenil o cultura &hellip; <a href=\"http:\/\/maxsenges.com\/?page_id=20\">Continue reading <span class=\"meta-nav\">&rarr;<\/span><\/a><\/p>\n","protected":false},"author":1,"featured_media":65,"parent":0,"menu_order":0,"comment_status":"closed","ping_status":"closed","template":"","meta":[],"_links":{"self":[{"href":"http:\/\/maxsenges.com\/index.php?rest_route=\/wp\/v2\/pages\/20"}],"collection":[{"href":"http:\/\/maxsenges.com\/index.php?rest_route=\/wp\/v2\/pages"}],"about":[{"href":"http:\/\/maxsenges.com\/index.php?rest_route=\/wp\/v2\/types\/page"}],"author":[{"embeddable":true,"href":"http:\/\/maxsenges.com\/index.php?rest_route=\/wp\/v2\/users\/1"}],"replies":[{"embeddable":true,"href":"http:\/\/maxsenges.com\/index.php?rest_route=%2Fwp%2Fv2%2Fcomments&post=20"}],"version-history":[{"count":127,"href":"http:\/\/maxsenges.com\/index.php?rest_route=\/wp\/v2\/pages\/20\/revisions"}],"predecessor-version":[{"id":489,"href":"http:\/\/maxsenges.com\/index.php?rest_route=\/wp\/v2\/pages\/20\/revisions\/489"}],"wp:featuredmedia":[{"embeddable":true,"href":"http:\/\/maxsenges.com\/index.php?rest_route=\/wp\/v2\/media\/65"}],"wp:attachment":[{"href":"http:\/\/maxsenges.com\/index.php?rest_route=%2Fwp%2Fv2%2Fmedia&parent=20"}],"curies":[{"name":"wp","href":"https:\/\/api.w.org\/{rel}","templated":true}]}}